{"id":32935,"date":"2025-05-19T15:02:11","date_gmt":"2025-05-19T13:02:11","guid":{"rendered":"https:\/\/www.macheete.com\/?page_id=32935"},"modified":"2025-05-19T15:08:19","modified_gmt":"2025-05-19T13:08:19","slug":"agb-gewinnspiel","status":"publish","type":"page","link":"https:\/\/www.macheete.com\/es\/agb-gewinnspiel\/","title":{"rendered":"AGB Instagram Gewinnspiel"},"content":{"rendered":"<p class=\"\" style=\"text-align: left;\" data-start=\"127\" data-end=\"191\"><strong data-start=\"127\" data-end=\"191\">Teilnahmebedingungen f\u00fcr das Gewinnspiel \u201e15 Jahre MACHEETE\u201c<\/strong><\/p>\n<p class=\"\" data-start=\"196\" data-end=\"294\"><strong data-start=\"196\" data-end=\"212\">1. Veranstalter<\/strong><br data-start=\"212\" data-end=\"215\" \/>Das Gewinnspiel wird durchgef\u00fchrt von MACHEETE, Agentur f\u00fcr Kommunikation &amp; PR.<\/p>\n<p class=\"\" data-start=\"299\" data-end=\"382\"><strong data-start=\"299\" data-end=\"320\">2. Teilnahmezeitraum<\/strong><br data-start=\"320\" data-end=\"323\" \/>Die Teilnahme ist m\u00f6glich bis zum 30. Juni 2025, 23:59 Uhr.<\/p>\n<p class=\"\" data-start=\"299\" data-end=\"382\"><strong data-start=\"387\" data-end=\"415\">3. Teilnahmevoraussetzungen<\/strong><br data-start=\"415\" data-end=\"418\" \/>Teilnehmen d\u00fcrfen alle Personen ab 18 Jahren mit Wohnsitz in Deutschland, \u00d6sterreich oder der Schweiz. Zur Teilnahme muss unter dem entsprechenden Instagram-Post ein Kommentar mit dem Instagram-Handle eines Musik-Acts (eigener oder empfohlener) hinterlassen werden.<\/p>\n<p class=\"\" data-start=\"688\" data-end=\"762\"><strong data-start=\"688\" data-end=\"698\">4. Gewinn<\/strong><br data-start=\"698\" data-end=\"701\" \/>Verlost wird ein PR-Paket im Wert von 1.650\u202f\u20ac, bestehend aus:<\/p>\n<ul style=\"text-align: left;\" data-start=\"763\" data-end=\"878\">\n<li class=\"\" data-start=\"763\" data-end=\"790\">\n<p class=\"\" data-start=\"765\" data-end=\"790\">1,5 Monaten PR-Begleitung<\/p>\n<\/li>\n<li class=\"\" data-start=\"791\" data-end=\"813\">\n<p class=\"\" data-start=\"793\" data-end=\"813\">2 Pressemitteilungen<\/p>\n<\/li>\n<li class=\"\" data-start=\"814\" data-end=\"833\">\n<p class=\"\" data-start=\"816\" data-end=\"833\">Medien-Steckbrief<\/p>\n<\/li>\n<li class=\"\" data-start=\"834\" data-end=\"854\">\n<p class=\"\" data-start=\"836\" data-end=\"854\">Single-Bemusterung<\/p>\n<\/li>\n<li class=\"\" data-start=\"855\" data-end=\"878\">\n<p class=\"\" data-start=\"857\" data-end=\"878\">Eigener Presseseite<\/p>\n<\/li>\n<\/ul>\n<p class=\"\" style=\"text-align: left;\" data-start=\"880\" data-end=\"954\">Der Gewinn kann nicht in bar ausgezahlt oder auf Dritte \u00fcbertragen werden.<\/p>\n<p class=\"\" data-start=\"959\" data-end=\"1090\"><strong data-start=\"959\" data-end=\"986\">5. <\/strong><strong data-start=\"959\" data-end=\"986\">Auswahl der Gewinner:in<\/strong><br data-start=\"986\" data-end=\"989\" \/>Die Gewinner:in wird redaktionell durch das Team von MACHEETE bestimmt. Bewertet werden insbesondere:<\/p>\n<ul style=\"text-align: left;\" data-start=\"1091\" data-end=\"1260\">\n<li class=\"\" data-start=\"1091\" data-end=\"1118\">\n<p class=\"\" data-start=\"1093\" data-end=\"1118\">Musikalisches Potenzial<\/p>\n<\/li>\n<li class=\"\" data-start=\"1119\" data-end=\"1161\">\n<p class=\"\" data-start=\"1121\" data-end=\"1161\">Einzigartigkeit &amp; Wiedererkennungswert<\/p>\n<\/li>\n<li class=\"\" data-start=\"1162\" data-end=\"1207\">\n<p class=\"\" data-start=\"1164\" data-end=\"1207\">Storytelling &amp; Gesamtkonzept des Projekts<\/p>\n<\/li>\n<li class=\"\" data-start=\"1208\" data-end=\"1260\">\n<p class=\"\" data-start=\"1210\" data-end=\"1260\">Professionelles Auftreten (z.\u202fB. auf Social Media)<\/p>\n<\/li>\n<\/ul>\n<p class=\"\" style=\"text-align: left;\" data-start=\"1262\" data-end=\"1363\">Es wird keine Perfektion erwartet \u2013 wir suchen Acts mit Vision, Pers\u00f6nlichkeit und einem klaren Vibe.<\/p>\n<p class=\"\" data-start=\"1368\" data-end=\"1526\"><strong data-start=\"1368\" data-end=\"1383\">6.Bekanntgabe<\/strong><br data-start=\"1383\" data-end=\"1386\" \/>Die Gewinner:in wird am 1. Juli 2025 \u00f6ffentlich per Kommentar unter dem Gewinnspiel-Post sowie via Direktnachricht auf Instagram informiert.<\/p>\n<p class=\"\" data-start=\"1531\" data-end=\"1694\"><strong data-start=\"1531\" data-end=\"1554\">7. Rechtsweg &amp; Haftung<\/strong><br data-start=\"1554\" data-end=\"1557\" \/>Der Rechtsweg ist ausgeschlossen. Der Veranstalter haftet nicht f\u00fcr technische St\u00f6rungen oder Ausf\u00e4lle im Zusammenhang mit der Teilnahme.<\/p>\n<p class=\"\" data-start=\"1699\" data-end=\"1859\"><strong data-start=\"1699\" data-end=\"1720\">8. Instagram-Hinweis<\/strong><br data-start=\"1720\" data-end=\"1723\" \/>Das Gewinnspiel steht in keiner Verbindung zu Instagram und wird in keiner Weise von Instagram gesponsert, unterst\u00fctzt oder organisiert.<\/p>\n<p class=\"\" style=\"text-align: left;\" data-start=\"1864\" data-end=\"2123\"><strong data-start=\"1864\" data-end=\"1879\">9. Datenschutz<\/strong><br data-start=\"1879\" data-end=\"1882\" \/>Die im Rahmen des Gewinnspiels \u00fcbermittelten personenbezogenen Daten werden ausschlie\u00dflich zur Durchf\u00fchrung des Gewinnspiels verwendet und nicht an Dritte weitergegeben. Weitere Informationen finden sich in unserer <a href=\"https:\/\/www.macheete.com\/datenschutz\/\">Datenschutzerkl\u00e4rung<\/a>.<\/p>\n","protected":false},"excerpt":{"rendered":"<p>Teilnahmebedingungen f\u00fcr das Gewinnspiel \u201e15 Jahre MACHEETE\u201c 1. VeranstalterDas Gewinnspiel wird durchgef\u00fchrt von MACHEETE, Agentur f\u00fcr Kommunikation &amp; PR. 2. TeilnahmezeitraumDie Teilnahme ist m\u00f6glich bis zum 30. Juni 2025, 23:59 Uhr. 3. TeilnahmevoraussetzungenTeilnehmen d\u00fcrfen alle Personen ab 18 Jahren mit Wohnsitz in Deutschland, \u00d6sterreich oder der Schweiz. Zur Teilnahme muss unter dem entsprechenden Instagram-Post ein [&hellip;]<\/p>\n","protected":false},"author":2,"featured_media":0,"parent":0,"menu_order":0,"comment_status":"closed","ping_status":"closed","template":"","meta":{"_acf_changed":false,"footnotes":""},"class_list":["post-32935","page","type-page","status-publish","hentry"],"acf":[],"_links":{"self":[{"href":"https:\/\/www.macheete.com\/es\/wp-json\/wp\/v2\/pages\/32935","targetHints":{"allow":["GET"]}}],"collection":[{"href":"https:\/\/www.macheete.com\/es\/wp-json\/wp\/v2\/pages"}],"about":[{"href":"https:\/\/www.macheete.com\/es\/wp-json\/wp\/v2\/types\/page"}],"author":[{"embeddable":true,"href":"https:\/\/www.macheete.com\/es\/wp-json\/wp\/v2\/users\/2"}],"replies":[{"embeddable":true,"href":"https:\/\/www.macheete.com\/es\/wp-json\/wp\/v2\/comments?post=32935"}],"version-history":[{"count":5,"href":"https:\/\/www.macheete.com\/es\/wp-json\/wp\/v2\/pages\/32935\/revisions"}],"predecessor-version":[{"id":32940,"href":"https:\/\/www.macheete.com\/es\/wp-json\/wp\/v2\/pages\/32935\/revisions\/32940"}],"wp:attachment":[{"href":"https:\/\/www.macheete.com\/es\/wp-json\/wp\/v2\/media?parent=32935"}],"curies":[{"name":"wp","href":"https:\/\/api.w.org\/{rel}","templated":true}]}}