{"id":17072,"date":"2020-03-09T16:44:47","date_gmt":"2020-03-09T15:44:47","guid":{"rendered":"http:\/\/www.macheete.com\/?page_id=17072"},"modified":"2021-10-29T17:14:17","modified_gmt":"2021-10-29T15:14:17","slug":"newsletter","status":"publish","type":"page","link":"https:\/\/www.macheete.com\/es\/newsletter\/","title":{"rendered":"Newsletter"},"content":{"rendered":"<div id=\"pl-17072\"  class=\"panel-layout\" ><div id=\"pg-17072-0\"  class=\"panel-grid panel-no-style\" ><div id=\"pgc-17072-0-0\"  class=\"panel-grid-cell\" ><div id=\"panel-17072-0-0-0\" class=\"so-panel widget widget_text panel-first-child panel-last-child\" data-index=\"0\" ><h3 class=\"widget-title\">Newsletter<\/h3>\t\t\t<div class=\"textwidget\"><script>(function() {\n\twindow.mc4wp = window.mc4wp || {\n\t\tlisteners: [],\n\t\tforms: {\n\t\t\ton: function(evt, cb) {\n\t\t\t\twindow.mc4wp.listeners.push(\n\t\t\t\t\t{\n\t\t\t\t\t\tevent   : evt,\n\t\t\t\t\t\tcallback: cb\n\t\t\t\t\t}\n\t\t\t\t);\n\t\t\t}\n\t\t}\n\t}\n})();\n<\/script><!-- Mailchimp for WordPress v4.12.2 - https:\/\/wordpress.org\/plugins\/mailchimp-for-wp\/ --><form id=\"mc4wp-form-1\" class=\"mc4wp-form mc4wp-form-17071\" method=\"post\" data-id=\"17071\" data-name=\"Macheete Newsletter\" ><div class=\"mc4wp-form-fields\"><p>\r\n  Hol dir jetzt unseren macheete Newsletter!\r\n<\/p>\r\n\r\n\r\n<p>\r\n\t<label>\r\n\t\t<input type=\"email\" name=\"EMAIL\" placeholder=\"Deine E-Mail-Adresse\" required \/>\r\n<\/label>\r\n<\/p>\r\n\r\n<p>\r\n    <label>\r\n        <input name=\"AGREE_TO_TERMS\" type=\"checkbox\" value=\"1\" required=\"\" style=\"margin: 0 0 0rem 0;\"> \r\n     Wir speichern deine E-Mail, um die regelm\u00e4\u00dfig News zu unseren K\u00fcnstlern zu schicken. Weitere Informationen dazu findest du in unserer  <a href=\"\/datenschutz\" target=\"_blank\">Datenschutzerkl\u00e4rung.<\/a>\r\n    <\/label>\r\n<\/p>\r\n\r\n\r\n<p>\r\n\t<input type=\"submit\" value=\"Anmelden\" \/>\r\n<\/p><\/div><label style=\"display: none !important;\">Deja vac\u00edo este campo si eres humano: <input type=\"text\" name=\"_mc4wp_honeypot\" value=\"\" tabindex=\"-1\" autocomplete=\"off\" \/><\/label><input type=\"hidden\" name=\"_mc4wp_timestamp\" value=\"1777579151\" \/><input type=\"hidden\" name=\"_mc4wp_form_id\" value=\"17071\" \/><input type=\"hidden\" name=\"_mc4wp_form_element_id\" value=\"mc4wp-form-1\" \/><div class=\"mc4wp-response\"><\/div><\/form><!-- \/ Mailchimp for WordPress Plugin -->\n<\/div>\n\t\t<\/div><\/div><\/div><\/div>","protected":false},"excerpt":{"rendered":"<p>Newsletter Hol dir jetzt unseren macheete Newsletter! Wir speichern deine E-Mail, um die regelm\u00e4\u00dfig News zu unseren K\u00fcnstlern zu schicken. Weitere Informationen dazu findest du in unserer Datenschutzerkl\u00e4rung. Deja vac\u00edo este campo si eres humano:<\/p>\n","protected":false},"author":1,"featured_media":21998,"parent":0,"menu_order":0,"comment_status":"closed","ping_status":"closed","template":"templates\/banner.php","meta":{"_acf_changed":false,"footnotes":""},"class_list":["post-17072","page","type-page","status-publish","has-post-thumbnail","hentry"],"acf":[],"_links":{"self":[{"href":"https:\/\/www.macheete.com\/es\/wp-json\/wp\/v2\/pages\/17072","targetHints":{"allow":["GET"]}}],"collection":[{"href":"https:\/\/www.macheete.com\/es\/wp-json\/wp\/v2\/pages"}],"about":[{"href":"https:\/\/www.macheete.com\/es\/wp-json\/wp\/v2\/types\/page"}],"author":[{"embeddable":true,"href":"https:\/\/www.macheete.com\/es\/wp-json\/wp\/v2\/users\/1"}],"replies":[{"embeddable":true,"href":"https:\/\/www.macheete.com\/es\/wp-json\/wp\/v2\/comments?post=17072"}],"version-history":[{"count":5,"href":"https:\/\/www.macheete.com\/es\/wp-json\/wp\/v2\/pages\/17072\/revisions"}],"predecessor-version":[{"id":22002,"href":"https:\/\/www.macheete.com\/es\/wp-json\/wp\/v2\/pages\/17072\/revisions\/22002"}],"wp:featuredmedia":[{"embeddable":true,"href":"https:\/\/www.macheete.com\/es\/wp-json\/wp\/v2\/media\/21998"}],"wp:attachment":[{"href":"https:\/\/www.macheete.com\/es\/wp-json\/wp\/v2\/media?parent=17072"}],"curies":[{"name":"wp","href":"https:\/\/api.w.org\/{rel}","templated":true}]}}