{"id":14933,"date":"2019-05-16T10:50:56","date_gmt":"2019-05-16T08:50:56","guid":{"rendered":"http:\/\/www.macheete.com\/?page_id=14933"},"modified":"2020-02-20T15:07:09","modified_gmt":"2020-02-20T14:07:09","slug":"start","status":"publish","type":"page","link":"https:\/\/www.macheete.com\/es\/","title":{"rendered":"Home"},"content":{"rendered":"<div id=\"pl-14933\"  class=\"panel-layout\" ><div id=\"pg-14933-0\"  class=\"panel-grid panel-has-style\" ><div class=\"row panel-row-style panel-row-style-for-14933-0\" ><div id=\"pgc-14933-0-0\"  class=\"panel-grid-cell\" ><div id=\"panel-14933-0-0-0\" class=\"so-panel widget widget_sow-editor panel-first-child\" data-index=\"0\" ><div class=\"agentur-big panel-widget-style panel-widget-style-for-14933-0-0-0\" ><div\n\t\t\t\n\t\t\tclass=\"so-widget-sow-editor so-widget-sow-editor-base\"\n\t\t\t\n\t\t><h3 class=\"widget-title\">\u00bfQui\u00e9nes somos?<\/h3>\n<div class=\"siteorigin-widget-tinymce textwidget\">\n\t<div class=\"textwidget\">\n<p style=\"text-align: center;\">Somos una agencia boutique de Berl\u00edn de relaciones p\u00fablicas y medios digitales. Nos apasionan las ideas. Nos movemos por impulsos. Amamos la locura creativa.<\/p>\n<\/div>\n<\/div>\n<\/div><\/div><\/div><div id=\"panel-14933-0-0-1\" class=\"so-panel widget widget_macheete_leistungen panel-last-child\" data-index=\"1\" >\t\t<h3>\u00bfQui\u00e9nes somos?<\/h3>\n\t\t<ul class=\"tabs\" data-tab>\n\t\t\t\t\t\t\t\t\t\t\t<li class=\"tab-title active\"><a href=\"#relacionespblicas\"\n\t\t\t\t                                                                   class=\"serviceoverview-1\">RELACIONES P\u00daBLICAS<\/a>\n\t\t\t\t<\/li>\n\t\t\t\t\t\t\t\t\t\t\t<li class=\"tab-title \"><a href=\"#mediossociales\"\n\t\t\t\t                                                                   class=\"serviceoverview-2\">MEDIOS SOCIALES<\/a>\n\t\t\t\t<\/li>\n\t\t\t\t\t\t\t\t\t\t\t<li class=\"tab-title \"><a href=\"#marketingdecontenidos\"\n\t\t\t\t                                                                   class=\"serviceoverview-3\">MARKETING DE CONTENIDOS<\/a>\n\t\t\t\t<\/li>\n\t\t\t\t\t\t\t\t\t\t\t<li class=\"tab-title \"><a href=\"#bloggereinfluencer\"\n\t\t\t\t                                                                   class=\"serviceoverview-4\">BLOGGER E INFLUENCER<\/a>\n\t\t\t\t<\/li>\n\t\t\t\t\t\t\t\t\t\t\t<li class=\"tab-title \"><a href=\"#marcadigital\"\n\t\t\t\t                                                                   class=\"serviceoverview-5\">MARCA DIGITAL<\/a>\n\t\t\t\t<\/li>\n\t\t\t\t\t<\/ul>\n\t\t<div class=\"tabs-content\">\n\t\t\t\t\t\t\t\n\t\t\t\t<div class=\"content active\" id=\"relacionespblicas\">\n\t\t\t\t\t<div class=\"row\">\n\t\t\t\t\t\t<div class=\"medium-4 columns quote\">\"Be so good they can\u2019t ignore you.\"<\/div>\n\t\t\t\t\t\t<div class=\"medium-8 columns counted\">\u00bfLo sab\u00edas? Creamos historias magn\u00edficas a partir de buenas ideas y garantizamos su repercusi\u00f3n duradera en los medios de comunicaci\u00f3n. \u00bfC\u00f3mo lo logramos? A trav\u00e9s de un trabajo digno de confianza de relaciones p\u00fablicas, que se encarga de que las historias se conviertan en un tema de conversaci\u00f3n. Combinamos el trabajo de prensa cl\u00e1sico con los recursos de la comunicaci\u00f3n online. Estamos muy bien conectados y nos relacionamos con periodistas, editores y l\u00edderes de opini\u00f3n. Ya sean recursos individuales, como un comunicado de prensa cl\u00e1sico, noticias de \u00faltima hora de relaciones p\u00fablicas de crisis, entrevistas gen\u00e9ricas o conceptos integrales de relaciones p\u00fablicas: trabajamos desde el primer an\u00e1lisis hasta una implementaci\u00f3n coherente.<\/div>\n\t\t\t\t\t<\/div>\n\t\t\t\t<\/div>\n\t\t\t\t\t\t\t\n\t\t\t\t<div class=\"content \" id=\"mediossociales\">\n\t\t\t\t\t<div class=\"row\">\n\t\t\t\t\t\t<div class=\"medium-4 columns quote\">\"Magic is something you make.\"<\/div>\n\t\t\t\t\t\t<div class=\"medium-8 columns counted\">Nos movemos online como por nuestra propia casa, no en vano somos nativos digitales. Para nosotros, las redes sociales son mucho m\u00e1s que un invento de unos estudiantes solitarios. Aportan una nueva vida a las empresas, marcas y servicios, haci\u00e9ndolos m\u00e1s accesibles. Algo que puede parecer tan sencillo y b\u00e1sico en la pr\u00e1ctica requiere un pensamiento conceptual y una habilidad editorial. Estamos presentes en todo el recorrido de las redes sociales, desde el asesoramiento y la concepci\u00f3n hasta la redacci\u00f3n y la asistencia integral.<\/div>\n\t\t\t\t\t<\/div>\n\t\t\t\t<\/div>\n\t\t\t\t\t\t\t\n\t\t\t\t<div class=\"content \" id=\"marketingdecontenidos\">\n\t\t\t\t\t<div class=\"row\">\n\t\t\t\t\t\t<div class=\"medium-4 columns quote\">\"Showing the world that you are a rockstar.\"<\/div>\n\t\t\t\t\t\t<div class=\"medium-8 columns counted\">\u00a1Hurra! \u00a1El marketing digital est\u00e1 vivo! Ya nada puede funcionar sin contenido ni inbound marketing en el mundo digital. Todo gira en torno al contenido de alta calidad, ya sea en forma de redes sociales, relaciones p\u00fablicas, SEO o publicidad. El contenido propio en forma de blogs corporativos, boletines, canales de YouTube o aplicaciones ayuda a establecerse como l\u00edderes de opini\u00f3n en los distintos temas espec\u00edficos. Por ello, perfeccionamos los perfiles de marca y, al mismo tiempo, creamos un impacto positivo en la visibilidad online. Los temas complejos del universo de cada uno de los sectores se presentan de forma comprensible, entretenida y con valor a\u00f1adido.<\/div>\n\t\t\t\t\t<\/div>\n\t\t\t\t<\/div>\n\t\t\t\t\t\t\t\n\t\t\t\t<div class=\"content \" id=\"bloggereinfluencer\">\n\t\t\t\t\t<div class=\"row\">\n\t\t\t\t\t\t<div class=\"medium-4 columns quote\">\"We love people we can go crazy with.\"<\/div>\n\t\t\t\t\t\t<div class=\"medium-8 columns counted\">Amamos a los blogueros e influencers de este mundo. No hay nadie m\u00e1s aut\u00e9ntico, directo y r\u00e1pido que los l\u00edderes de opini\u00f3n del mundo digital. Son multiplicadores importantes que fascinan con su visi\u00f3n personal de las cosas. Llegan a una gran cantidad de usuarios objetivo de blogs, Instagram o Snapchat las 24 horas del d\u00eda. Los blogueros e influencers saben posicionar sus historias en los lugares adecuados. Esto les convierte en valiosos embajadores de marcas, productos y servicios. Reunimos empresas con blogueros e influencers, desarrollamos ideas y conceptos creativos, y ponemos en pr\u00e1ctica las cooperaciones.<\/div>\n\t\t\t\t\t<\/div>\n\t\t\t\t<\/div>\n\t\t\t\t\t\t\t\n\t\t\t\t<div class=\"content \" id=\"marcadigital\">\n\t\t\t\t\t<div class=\"row\">\n\t\t\t\t\t\t<div class=\"medium-4 columns quote\">\"Go the extra mile. It's never crowded.\"<\/div>\n\t\t\t\t\t\t<div class=\"medium-8 columns counted\">Creamos una imagen digital coherente para empresas, marcas, servicios y productos, y nos aseguramos de que los valores y las normas correspondientes se transmitan al grupo objetivo relevante. Estamos siempre actualizados en cuanto a contenido, dise\u00f1o y tecnolog\u00eda. Ya sea un logotipo, un sitio web receptivo, un bolet\u00edn informativo, un blog, un micrositio o una p\u00e1gina de inicio para un producto especial: creamos identidades con alma y mente. Desde la estrategia y la creaci\u00f3n hasta la implementaci\u00f3n, desarrollamos estrategias de comunicaci\u00f3n sostenibles para inspirar a sus clientes digitalmente y retenerlos.<\/div>\n\t\t\t\t\t<\/div>\n\t\t\t\t<\/div>\n\t\t\t\t\t<\/div>\n\n\t\t<\/div><\/div><\/div><\/div><div id=\"pg-14933-1\"  class=\"panel-grid panel-no-style\" ><div id=\"pgc-14933-1-0\"  class=\"panel-grid-cell\" ><div id=\"panel-14933-1-0-0\" class=\"so-panel widget widget_sow-slider panel-first-child panel-last-child\" data-index=\"2\" ><div class=\"panel-widget-style panel-widget-style-for-14933-1-0-0\" ><div\n\t\t\t\n\t\t\tclass=\"so-widget-sow-slider so-widget-sow-slider-default-6d39609536fd-14933\"\n\t\t\t\n\t\t>\t\t\t\t<div class=\"sow-slider-base\" style=\"display: none\" tabindex=\"0\">\n\t\t\t\t\t<ul\n\t\t\t\t\tclass=\"sow-slider-images\"\n\t\t\t\t\tdata-settings=\"{&quot;pagination&quot;:true,&quot;speed&quot;:800,&quot;timeout&quot;:8000,&quot;paused&quot;:false,&quot;pause_on_hover&quot;:false,&quot;swipe&quot;:true,&quot;nav_always_show_desktop&quot;:&quot;&quot;,&quot;nav_always_show_mobile&quot;:&quot;&quot;,&quot;breakpoint&quot;:&quot;780px&quot;,&quot;unmute&quot;:false,&quot;anchor&quot;:null}\"\n\t\t\t\t\t\t\t\t\t\tdata-anchor-id=\"\"\n\t\t\t\t>\t\t<li class=\"sow-slider-image\" style=\"visibility: visible;\" >\n\t\t\t\t\t\t<div class=\"sow-slider-image-container\">\n\t\t\t\t<div class=\"sow-slider-image-wrapper\" style=\"max-width: 779px\">\n\t\t\t\t\t\t\t\t\t\t<div class=\"sow-slider-image-foreground-wrapper\">\n\t\t\t\t\t\t<img loading=\"lazy\" decoding=\"async\" width=\"779\" height=\"461\" src=\"https:\/\/www.macheete.com\/wp-content\/uploads\/2020\/01\/macheete-neon-text.gif\" class=\"sow-slider-foreground-image\" alt=\"\" style=\"\" \/>\t\t\t\t\t<\/div>\n\t\t\t\t\t\t\t\t\t<\/div>\n\t\t\t<\/div>\n\t\t\t\t\t<\/li>\n\t\t<\/ul>\t\t\t\t<ol class=\"sow-slider-pagination\">\n\t\t\t\t\t\t\t\t\t\t\t<li><a href=\"#\" data-goto=\"0\" aria-label=\"mostrar diapositiva 1\"><\/a><\/li>\n\t\t\t\t\t\t\t\t\t<\/ol>\n\n\t\t\t\t<div class=\"sow-slide-nav sow-slide-nav-next\">\n\t\t\t\t\t<a href=\"#\" data-goto=\"next\" aria-label=\"diapositiva siguiente\" data-action=\"next\">\n\t\t\t\t\t\t<em class=\"sow-sld-icon-thin-right\"><\/em>\n\t\t\t\t\t<\/a>\n\t\t\t\t<\/div>\n\n\t\t\t\t<div class=\"sow-slide-nav sow-slide-nav-prev\">\n\t\t\t\t\t<a href=\"#\" data-goto=\"previous\" aria-label=\"diapositiva anterior\" data-action=\"prev\">\n\t\t\t\t\t\t<em class=\"sow-sld-icon-thin-left\"><\/em>\n\t\t\t\t\t<\/a>\n\t\t\t\t<\/div>\n\t\t\t\t<\/div><\/div><\/div><\/div><\/div><\/div><div id=\"pg-14933-2\"  class=\"panel-grid panel-has-style\" ><div class=\"row we-title panel-row-style panel-row-style-for-14933-2\" ><div id=\"pgc-14933-2-0\"  class=\"panel-grid-cell\" ><div id=\"panel-14933-2-0-0\" class=\"so-panel widget widget_sow-editor panel-first-child panel-last-child\" data-index=\"3\" ><div\n\t\t\t\n\t\t\tclass=\"so-widget-sow-editor so-widget-sow-editor-base\"\n\t\t\t\n\t\t>\n<div class=\"siteorigin-widget-tinymce textwidget\">\n\t<\/div>\n<\/div><\/div><\/div><\/div><\/div><div id=\"pg-14933-3\"  class=\"panel-grid panel-has-style\" ><div class=\"we-block row panel-row-style panel-row-style-for-14933-3\" ><div id=\"pgc-14933-3-0\"  class=\"panel-grid-cell\" ><div id=\"panel-14933-3-0-0\" class=\"so-panel widget widget_sow-editor panel-first-child panel-last-child\" data-index=\"4\" ><div class=\"young panel-widget-style panel-widget-style-for-14933-3-0-0\" ><div\n\t\t\t\n\t\t\tclass=\"so-widget-sow-editor so-widget-sow-editor-base\"\n\t\t\t\n\t\t>\n<div class=\"siteorigin-widget-tinymce textwidget\">\n\t<h1><img decoding=\"async\" class=\" wp-image-6773 size-full aligncenter\" src=\"http:\/\/www.macheete.com\/wp-content\/uploads\/2015\/07\/01_jung.png\" alt=\"\" width=\"140\" height=\"140\" \/><\/h1>\n<h4 style=\"text-align: center;\"><span style=\"color: #000000;\">J\u00d3VENES E INTELIGENTES<\/span><\/h4>\n<p style=\"text-align: center;\">Somos j\u00f3venes de los a\u00f1os 80: hemos vivido la \u00e9poca de los columpios y de los smartphone.<\/p>\n<h4><\/h4>\n<\/div>\n<\/div><\/div><\/div><\/div><div id=\"pgc-14933-3-1\"  class=\"panel-grid-cell\" ><div id=\"panel-14933-3-1-0\" class=\"so-panel widget widget_sow-editor panel-first-child panel-last-child\" data-index=\"5\" ><div class=\"young panel-widget-style panel-widget-style-for-14933-3-1-0\" ><div\n\t\t\t\n\t\t\tclass=\"so-widget-sow-editor so-widget-sow-editor-base\"\n\t\t\t\n\t\t>\n<div class=\"siteorigin-widget-tinymce textwidget\">\n\t<p style=\"text-align: center;\"><img decoding=\"async\" class=\" wp-image-6774 size-full aligncenter\" src=\"http:\/\/www.macheete.com\/wp-content\/uploads\/2015\/07\/02_herzblut.png\" alt=\"\" width=\"140\" height=\"140\" \/><\/p>\n<h4 style=\"text-align: center;\"><span style=\"color: #000000;\">AMAMOS LO QUE HACEMOS<\/span><strong><br \/>\n<\/strong><\/h4>\n<p style=\"text-align: center;\">Nunca nos cansamos de hacer lo que amamos, pero mantenemos un equilibrio entre la vida laboral y privada.<\/p>\n<p>&nbsp;<\/p>\n<p style=\"text-align: center;\">\n<\/div>\n<\/div><\/div><\/div><\/div><div id=\"pgc-14933-3-2\"  class=\"panel-grid-cell\" ><div id=\"panel-14933-3-2-0\" class=\"so-panel widget widget_sow-editor panel-first-child panel-last-child\" data-index=\"6\" ><div class=\"young panel-widget-style panel-widget-style-for-14933-3-2-0\" ><div\n\t\t\t\n\t\t\tclass=\"so-widget-sow-editor so-widget-sow-editor-base\"\n\t\t\t\n\t\t>\n<div class=\"siteorigin-widget-tinymce textwidget\">\n\t<figure><img decoding=\"async\" class=\" wp-image-6775 size-full aligncenter\" src=\"http:\/\/www.macheete.com\/wp-content\/uploads\/2015\/07\/03_kino.png\" alt=\"\" width=\"140\" height=\"140\" \/><\/figure>\n<h4 style=\"text-align: center;\"><span style=\"color: #000000;\">LA OPCI\u00d3N QUE BUSCAS<\/span><strong><br \/>\n<\/strong><\/h4>\n<p style=\"text-align: center;\">Hay agencias debajo de cada piedra. Nosotros somos una de ellas, pero no cualquiera.<\/p>\n<p>&nbsp;<\/p>\n<\/div>\n<\/div><\/div><\/div><\/div><\/div><\/div><div id=\"pg-14933-4\"  class=\"panel-grid panel-has-style\" ><div class=\"we-block row last panel-row-style panel-row-style-for-14933-4\" ><div id=\"pgc-14933-4-0\"  class=\"panel-grid-cell\" ><div id=\"panel-14933-4-0-0\" class=\"so-panel widget widget_sow-editor panel-first-child panel-last-child\" data-index=\"7\" ><div class=\"young panel-widget-style panel-widget-style-for-14933-4-0-0\" ><div\n\t\t\t\n\t\t\tclass=\"so-widget-sow-editor so-widget-sow-editor-base\"\n\t\t\t\n\t\t>\n<div class=\"siteorigin-widget-tinymce textwidget\">\n\t<p style=\"text-align: center;\"><img loading=\"lazy\" loading=\"lazy\" decoding=\"async\" class=\"aligncenter wp-image-6776 size-full\" src=\"http:\/\/www.macheete.com\/wp-content\/uploads\/2015\/07\/04_strom.png\" alt=\"\" width=\"140\" height=\"140\" \/><\/p>\n<h4 style=\"text-align: center;\"><span style=\"color: #000000;\">CONTRA LA CORRIENTE<\/span><strong><br \/>\n<\/strong><\/h4>\n<p style=\"text-align: center;\">\u00bfSeguir a las masas? No va con nosotros. Creamos nuestras propias ideas.<\/p>\n<p>&nbsp;<\/p>\n<\/div>\n<\/div><\/div><\/div><\/div><div id=\"pgc-14933-4-1\"  class=\"panel-grid-cell\" ><div id=\"panel-14933-4-1-0\" class=\"so-panel widget widget_sow-editor panel-first-child panel-last-child\" data-index=\"8\" ><div class=\"young panel-widget-style panel-widget-style-for-14933-4-1-0\" ><div\n\t\t\t\n\t\t\tclass=\"so-widget-sow-editor so-widget-sow-editor-base\"\n\t\t\t\n\t\t>\n<div class=\"siteorigin-widget-tinymce textwidget\">\n\t<figure><img loading=\"lazy\" loading=\"lazy\" decoding=\"async\" class=\" wp-image-6777 size-full aligncenter\" src=\"http:\/\/www.macheete.com\/wp-content\/uploads\/2015\/07\/05_hase.png\" alt=\"\" width=\"140\" height=\"140\" \/><\/figure>\n<h4 style=\"text-align: center;\"><span style=\"color: #000000;\">SABEMOS C\u00d3MO FUNCCIONA EL MUNDO<\/span><strong><br \/>\n<\/strong><\/h4>\n<p style=\"text-align: center;\">Conocemos este sector desde hace <span class=\"tlid-translation translation\" lang=\"es\"><span class=\"\" title=\"\">diez<\/span><\/span> a\u00f1os, con todos sus problemas y entresijos.<\/p>\n<p>&nbsp;<\/p>\n<\/div>\n<\/div><\/div><\/div><\/div><div id=\"pgc-14933-4-2\"  class=\"panel-grid-cell\" ><div id=\"panel-14933-4-2-0\" class=\"so-panel widget widget_sow-editor panel-first-child panel-last-child\" data-index=\"9\" ><div class=\"young panel-widget-style panel-widget-style-for-14933-4-2-0\" ><div\n\t\t\t\n\t\t\tclass=\"so-widget-sow-editor so-widget-sow-editor-base\"\n\t\t\t\n\t\t>\n<div class=\"siteorigin-widget-tinymce textwidget\">\n\t<figure><img loading=\"lazy\" loading=\"lazy\" decoding=\"async\" class=\" wp-image-6778 size-full aligncenter\" src=\"http:\/\/www.macheete.com\/wp-content\/uploads\/2015\/07\/06_magie.png\" alt=\"\" width=\"140\" height=\"140\" \/><\/figure>\n<h4 style=\"text-align: center;\"><span style=\"color: #000000;\">UN EQUIPO M\u00c1GICO<\/span><strong><br \/>\n<\/strong><\/h4>\n<p style=\"text-align: center;\">\u00bfPresupuesto bajo o alto? Lo determinar\u00e1 la brillante idea que haya detr\u00e1s.<\/p>\n<p>&nbsp;<\/p>\n<\/div>\n<\/div><\/div><\/div><\/div><\/div><\/div><div id=\"pg-14933-5\"  class=\"panel-grid panel-has-style\" ><div class=\"row panel-row-style panel-row-style-for-14933-5\" ><div id=\"pgc-14933-5-0\"  class=\"panel-grid-cell\" ><div id=\"panel-14933-5-0-0\" class=\"so-panel widget widget_sow-editor panel-first-child panel-last-child\" data-index=\"10\" ><div class=\"contact-form panel-widget-style panel-widget-style-for-14933-5-0-0\" ><div\n\t\t\t\n\t\t\tclass=\"so-widget-sow-editor so-widget-sow-editor-base\"\n\t\t\t\n\t\t><h3 class=\"widget-title\">Say Hello<\/h3>\n<div class=\"siteorigin-widget-tinymce textwidget\">\n\t<div class=\"textwidget\">\n<p><span class=\"text fgColor_333333 fontStyleRegular\">Whether you\u2019re looking for answers, would like to solve a problem, or just want to let us know how we did, you\u2019ll find many ways to contact us right here. <\/span><\/p>\n<\/p>\n<div role=\"form\" class=\"wpcf7\" id=\"wpcf7-f6826-o2\" lang=\"de-DE\" dir=\"ltr\">\n<div class=\"screen-reader-response\"><\/div>\n<form name=\"contact\" action=\"\/wp-admin\/post.php#wpcf7-f6826-o2\" method=\"post\" class=\"wpcf7-form\" novalidate=\"novalidate\">\n<div style=\"display: none;\">\n<input type=\"hidden\" name=\"_wpcf7\" value=\"6826\"><br \/>\n<input type=\"hidden\" name=\"_wpcf7_version\" value=\"5.0.3\"><br \/>\n<input type=\"hidden\" name=\"_wpcf7_locale\" value=\"de_DE\"><br \/>\n<input type=\"hidden\" name=\"_wpcf7_unit_tag\" value=\"wpcf7-f6826-o2\"><br \/>\n<input type=\"hidden\" name=\"_wpcf7_container_post\" value=\"0\">\n<\/div>\n<div class=\"row\">\n<div class=\"medium-12 columns\">\n<div class=\"wpcf7-response-output wpcf7-display-none\"><\/div>\n<\/div>\n<div class=\"medium-6 columns\">\n       <span class=\"wpcf7-form-control-wrap your-name\"><input type=\"text\" name=\"your-name\" value=\"\" size=\"40\" class=\"wpcf7-form-control wpcf7-text wpcf7-validates-as-required radius\" aria-required=\"true\" aria-invalid=\"false\" placeholder=\"Your Name\"><\/span>\n   <\/div>\n<div class=\"medium-6 columns\">\n       <span class=\"wpcf7-form-control-wrap your-email\"><input type=\"text\" name=\"your-email\" value=\"\" size=\"40\" class=\"wpcf7-form-control wpcf7-text wpcf7-validates-as-required radius\" aria-required=\"true\" aria-invalid=\"false\" placeholder=\"your@email.com\"><\/span>\n   <\/div>\n<div class=\"medium-12 columns\">\n       <span class=\"wpcf7-form-control-wrap your-message\"><textarea name=\"your-message\" cols=\"40\" rows=\"10\" class=\"wpcf7-form-control wpcf7-textarea radius\" aria-invalid=\"false\" placeholder=\"Hello Macheete ...\"><\/textarea><\/span><\/p>\n<div class=\"actp\" style=\"border:1px solid #ccc; border-radius: 5px; padding: 15px; margin-bottom:25px\"><span class=\"wpcf7-form-control-wrap acceptance-411\"><span class=\"wpcf7-form-control wpcf7-acceptance\"><span class=\"wpcf7-list-item\"><input type=\"checkbox\" name=\"acceptance-411\" value=\"1\" aria-invalid=\"false\"><\/span><\/span><\/span>  I agree that my details from the contact form will be collected and processed to answer my request. Detailed information on handling user data can be found in our <a href=\"\/datenschutz\" style=\"text-decoration:underline\">privacy policy.<\/a> <\/div>\n<div class=\"cleafix\">\n            <input type=\"submit\" value=\"Senden\" class=\"wpcf7-form-control wpcf7-submit left button radius\"><\/p>\n<div class=\"wpcf7-form-control-wrap\">\n<div data-sitekey=\"6Lch5R8UAAAAAHn7vvp-c_jzjrjCjys51f7CauKQ\" class=\"wpcf7-form-control g-recaptcha wpcf7-recaptcha\"><\/div>\n<p><noscript><\/p>\n<div style=\"width: 302px; height: 422px;\">\n<div style=\"width: 302px; height: 422px; position: relative;\">\n<div style=\"width: 302px; height: 422px; position: absolute;\">\n\t\t\t\t<iframe src=\"https:\/\/www.google.com\/recaptcha\/api\/fallback?k=6Lch5R8UAAAAAHn7vvp-c_jzjrjCjys51f7CauKQ\" frameborder=\"0\" scrolling=\"no\" style=\"width: 302px; height:422px; border-style: none;\"><br \/>\n\t\t\t\t<\/iframe>\n\t\t\t<\/div>\n<div style=\"width: 300px; height: 60px; border-style: none; bottom: 12px; left: 25px; margin: 0px; padding: 0px; right: 25px; background: #f9f9f9; border: 1px solid #c1c1c1; border-radius: 3px;\">\n\t\t\t\t<textarea id=\"g-recaptcha-response\" name=\"g-recaptcha-response\" class=\"g-recaptcha-response\" style=\"width: 250px; height: 40px; border: 1px solid #c1c1c1; margin: 10px 25px; padding: 0px; resize: none;\"><br \/>\n\t\t\t\t<\/textarea>\n\t\t\t<\/div>\n<\/p><\/div>\n<\/p><\/div>\n<p><\/noscript>\n<\/div>\n<\/div>\n<\/div>\n<\/div>\n<\/form>\n<\/div>\n<\/div>\n<\/div>\n<\/div><\/div><\/div><\/div><div id=\"pgc-14933-5-1\"  class=\"panel-grid-cell\" ><div id=\"panel-14933-5-1-0\" class=\"so-panel widget widget_macheete_contact_info macheete_contact_info_widget panel-first-child panel-last-child\" data-index=\"11\" >\t\t\t\t\t<span class=\"title\">Macheete<\/span>\n\t\t\n\t\t<p class='desc'>Agencia de relaciones p\u00fablicas y marketing digital.<\/p>\t\t<div class=\"sm-icons\">\n\t\t\t<a class=\"sm-icon facebook\" target=\"_blank\" href=\"https:\/\/www.facebook.com\/macheete\"><\/a>\n\t\t\t<a class=\"sm-icon twitter\" target=\"_blank\" href=\"https:\/\/twitter.com\/macheete_berlin\"><\/a>\n\t\t\t<a class=\"sm-icon instagram\" target=\"_blank\" href=\"https:\/\/instagram.com\/macheete\/\"><\/a>\n\t\t\t<a class=\"sm-icon pinterest\" target=\"_blank\" href=\"https:\/\/es.pinterest.com\/macheete\/\"><\/a>\n\t\t\t<a class=\"sm-icon xing\" target=\"_blank\" href=\"https:\/\/www.xing.com\/companies\/macheete\"><\/a>\n\t\t<\/div>\n\t\t<div class=\"contact address icon\"><span>Alt-Moabit 53 | 10555 Berlin (Alemania)<\/span><\/div><div class=\"contact phone icon\"><span>+49 030  488 187 25<\/span><\/div><div class=\"contact email icon\"><span><a target=\"_blank\" href=\"mailto:mail@macheete.de\">mail@macheete.de<\/a><\/span><\/div><\/div><\/div><\/div><\/div><\/div>","protected":false},"excerpt":{"rendered":"<p>Somos una agencia boutique de Berl\u00edn de relaciones p\u00fablicas y medios digitales. Nos apasionan las ideas. Nos movemos por impulsos. Amamos la locura creativa.<\/p>\n","protected":false},"author":1,"featured_media":0,"parent":0,"menu_order":0,"comment_status":"closed","ping_status":"closed","template":"templates\/page-full.php","meta":{"_acf_changed":false,"footnotes":""},"class_list":["post-14933","page","type-page","status-publish","hentry"],"acf":[],"_links":{"self":[{"href":"https:\/\/www.macheete.com\/es\/wp-json\/wp\/v2\/pages\/14933","targetHints":{"allow":["GET"]}}],"collection":[{"href":"https:\/\/www.macheete.com\/es\/wp-json\/wp\/v2\/pages"}],"about":[{"href":"https:\/\/www.macheete.com\/es\/wp-json\/wp\/v2\/types\/page"}],"author":[{"embeddable":true,"href":"https:\/\/www.macheete.com\/es\/wp-json\/wp\/v2\/users\/1"}],"replies":[{"embeddable":true,"href":"https:\/\/www.macheete.com\/es\/wp-json\/wp\/v2\/comments?post=14933"}],"version-history":[{"count":5,"href":"https:\/\/www.macheete.com\/es\/wp-json\/wp\/v2\/pages\/14933\/revisions"}],"predecessor-version":[{"id":16966,"href":"https:\/\/www.macheete.com\/es\/wp-json\/wp\/v2\/pages\/14933\/revisions\/16966"}],"wp:attachment":[{"href":"https:\/\/www.macheete.com\/es\/wp-json\/wp\/v2\/media?parent=14933"}],"curies":[{"name":"wp","href":"https:\/\/api.w.org\/{rel}","templated":true}]}}